{"id":112,"date":"2020-03-30T02:24:49","date_gmt":"2020-03-30T01:24:49","guid":{"rendered":"https:\/\/efa51.wordpress.com\/?page_id=112"},"modified":"2025-11-24T12:08:05","modified_gmt":"2025-11-24T11:08:05","slug":"accueil","status":"publish","type":"page","link":"https:\/\/efa51.org\/","title":{"rendered":"Accueil"},"content":{"rendered":"\n<figure class=\"wp-block-image aligncenter size-full is-resized\"><img loading=\"lazy\" decoding=\"async\" width=\"470\" height=\"400\" src=\"https:\/\/efa51.org\/wp-content\/uploads\/2024\/03\/Logo.jpg\" alt=\"\" class=\"wp-image-1148\" style=\"width:213px;height:auto\" srcset=\"https:\/\/efa51.org\/wp-content\/uploads\/2024\/03\/Logo.jpg 470w, https:\/\/efa51.org\/wp-content\/uploads\/2024\/03\/Logo-300x255.jpg 300w\" sizes=\"auto, (max-width: 470px) 100vw, 470px\" \/><\/figure>\n\n\n\n<h2 class=\"wp-block-heading has-text-align-center has-small-font-size has-background\" style=\"background-color:#c6ddf7\"><em>Enfance et Familles d&rsquo;Adoption de la Marne &#8211; EFA 51<\/em><\/h2>\n\n\n\n<p class=\"has-background-light-background-color has-background\"><small>Notre association s&rsquo;adresse \u00e0 tous ceux qui souhaitent adopter un enfant, aux couples et aux c\u00e9libataires, \u00e0 ceux qui ont accueilli un ou plusieurs enfants, aux adopt\u00e9s, \u00e0 leurs familles, et bien s\u00fbr, \u00e0 toute personne qui s&rsquo;int\u00e9resse \u00e0 l&rsquo;enfance d\u00e9laiss\u00e9e.<\/small><\/p>\n\n\n\n<p class=\"has-text-align-center has-background-dark-background-color has-text-color has-background\" style=\"color:#e70620\"><strong>Mais EFA ne confie pas d&rsquo;enfants.<\/strong><\/p>\n","protected":false},"excerpt":{"rendered":"<p>Enfance et Familles d&rsquo;Adoption de la Marne &#8211; EFA 51 Notre association s&rsquo;adresse \u00e0 tous ceux qui souhaitent adopter un enfant, aux couples et aux c\u00e9libataires, \u00e0 ceux qui ont accueilli un ou plusieurs enfants, aux adopt\u00e9s, \u00e0 leurs familles, et bien s\u00fbr, \u00e0 toute personne qui s&rsquo;int\u00e9resse \u00e0 l&rsquo;enfance d\u00e9laiss\u00e9e. Mais EFA ne confie [&hellip;]<\/p>\n","protected":false},"author":1,"featured_media":0,"parent":0,"menu_order":0,"comment_status":"closed","ping_status":"closed","template":"","meta":{"footnotes":""},"class_list":["post-112","page","type-page","status-publish","hentry"],"_links":{"self":[{"href":"https:\/\/efa51.org\/index.php\/wp-json\/wp\/v2\/pages\/112","targetHints":{"allow":["GET"]}}],"collection":[{"href":"https:\/\/efa51.org\/index.php\/wp-json\/wp\/v2\/pages"}],"about":[{"href":"https:\/\/efa51.org\/index.php\/wp-json\/wp\/v2\/types\/page"}],"author":[{"embeddable":true,"href":"https:\/\/efa51.org\/index.php\/wp-json\/wp\/v2\/users\/1"}],"replies":[{"embeddable":true,"href":"https:\/\/efa51.org\/index.php\/wp-json\/wp\/v2\/comments?post=112"}],"version-history":[{"count":4,"href":"https:\/\/efa51.org\/index.php\/wp-json\/wp\/v2\/pages\/112\/revisions"}],"predecessor-version":[{"id":1216,"href":"https:\/\/efa51.org\/index.php\/wp-json\/wp\/v2\/pages\/112\/revisions\/1216"}],"wp:attachment":[{"href":"https:\/\/efa51.org\/index.php\/wp-json\/wp\/v2\/media?parent=112"}],"curies":[{"name":"wp","href":"https:\/\/api.w.org\/{rel}","templated":true}]}}