{"id":125,"date":"2020-03-30T23:41:27","date_gmt":"2020-03-30T22:41:27","guid":{"rendered":"https:\/\/efa51.wordpress.com\/?page_id=125"},"modified":"2024-10-22T21:40:51","modified_gmt":"2024-10-22T19:40:51","slug":"les-demarches","status":"publish","type":"page","link":"https:\/\/efa51.org\/index.php\/les-demarches\/","title":{"rendered":"Les d\u00e9marches"},"content":{"rendered":"\n<figure class=\"wp-block-image aligncenter size-full is-resized\"><img loading=\"lazy\" decoding=\"async\" width=\"470\" height=\"400\" src=\"https:\/\/efa51.org\/wp-content\/uploads\/2024\/10\/Logo-4.jpg\" alt=\"\" class=\"wp-image-1181\" style=\"width:306px;height:auto\" srcset=\"https:\/\/efa51.org\/wp-content\/uploads\/2024\/10\/Logo-4.jpg 470w, https:\/\/efa51.org\/wp-content\/uploads\/2024\/10\/Logo-4-300x255.jpg 300w\" sizes=\"auto, (max-width: 470px) 100vw, 470px\" \/><\/figure>\n\n\n\n<p class=\"has-background\" style=\"background-color:#c6ddf7\">L\u2019 agr\u00e9ment<\/p>\n\n\n\n<p><small>Avant toute chose, pour adopter, il faut un \u00ab\u00a0agr\u00e9ment en vue de l&rsquo;adoption d&rsquo;un enfant\u00a0\u00bb. Cet agr\u00e9ment est d\u00e9livr\u00e9 par le pr\u00e9sident du conseil d\u00e9partemental de votre lieu de r\u00e9sidence. Le pr\u00e9sident du conseil d\u00e9partemental prend sa d\u00e9cision sur l&rsquo;avis de la commission d&rsquo;agr\u00e9ment et peut d\u00e9l\u00e9guer la d\u00e9cision au directeur du service social du d\u00e9partement. Cet agr\u00e9ment n&rsquo;est pas n\u00e9cessaire dans le cas d&rsquo;une adoption intra-familiale (enfant du conjoint, parent ou alli\u00e9 jusqu\u2019au 6<sup>e<\/sup> degr\u00e9).<\/small><\/p>\n\n\n\n<p><small>Pour obtenir cet agr\u00e9ment, vous devez envoyer un courrier d\u00e9clarant votre candidature \u00e0 l&rsquo;agr\u00e9ment en \u00e9crivant au: <\/small><\/p>\n\n\n\n<p><small>Conseil D\u00e9partemental de la Marne, Service Adoption de l&rsquo; Aide Sociale \u00e0 l&rsquo;Enfance<br>2bis, rue de Jessaint&nbsp;<br>51038 Ch\u00e2lons en Champagne Cedex<br>T\u00e9l. 03.26.69.52.47<\/small><\/p>\n\n\n\n<p><small><br>L&rsquo; aide sociale \u00e0 l&rsquo;enfance (A.S.E.) vous invitera alors \u00e0 une r\u00e9union d&rsquo;information o\u00f9 le dossier de candidature vous sera remis. Vous devrez alors compl\u00e9ter le questionnaire, fournir quelques documents administratifs (actes de naissance, extrait de casier judiciaire, certificat m\u00e9dical&#8230;), et le renvoyer au Service Adoption.<br>Vous recevrez un accus\u00e9 de r\u00e9ception, puis serez convoqu\u00e9s \u00e0 diff\u00e9rents entretiens,&nbsp;avec un travailleur social et&nbsp;avec un psychologue. Vous aurez au minimum deux rendez-vous avec chacun, ils r\u00e9digeront tous deux un rapport \u00e9mettant un avis sur votre projet. Votre candidature sera \u00e9valu\u00e9e par la commission d&rsquo;agr\u00e9ment \u00e0 l&rsquo;issue de cette p\u00e9riode de 9 mois (compt\u00e9s \u00e0 partir de la r\u00e9ception de votre dossier par l&rsquo; A.S.E.).<br>Ces rapports \u00e9tant tr\u00e8s importants pour la Commission d&rsquo;Agr\u00e9ment et pour vos d\u00e9marches ult\u00e9rieures,&nbsp; nous vous conseillons vivement d&rsquo;aller les relire et d&rsquo;y faire rectifier d&rsquo;\u00e9ventuelles erreurs mat\u00e9rielles (pour consulter les rapports, il faut prendre rendez-vous avec l&rsquo; A.S.E.). Vous serez avertis par courrier, quelques jours plus tard.<\/small><\/p>\n\n\n\n<p><small>L&rsquo;agr\u00e9ment est valable 5 ans, \u00e0 condition de le faire r\u00e9actualiser chaque ann\u00e9e. En cas de d\u00e9m\u00e9nagement dans un autre d\u00e9partement, vous devez signaler votre changement d&rsquo;adresse dans les 2 mois. Cet agr\u00e9ment est r\u00e9dig\u00e9 en 2 parties, l&rsquo;agr\u00e9ment proprement dit, et une notice, qui pr\u00e9cise sa port\u00e9e (avec mention des limites \u00e9ventuelles de votre projet en terme d&rsquo;\u00e2ge, de sexe, d&rsquo;origine de l&rsquo;enfant).<br>En cas de refus d&rsquo;agr\u00e9ment,&nbsp;plusieurs recours sont possibles.<\/small><\/p>\n\n\n\n<p class=\"has-background\" style=\"background-color:#c6ddf7\">Le chemin vers l&rsquo;enfant<\/p>\n\n\n\n<p><small>Votre agr\u00e9ment obtenu, 4 possibilit\u00e9s s&rsquo;offrent \u00e0 vous :<br>&#8211; attendre que le Conseil de Famille vous confie un Pupille de l\u2019\u00c9tat en vue d&rsquo;adoption,<br>&#8211; contact avec E.R.F. <br>&#8211; contacter les Organismes Autoris\u00e9s pour l&rsquo;Adoption (O.A.A.),<br>&#8211; transmettre un dossier (ou plusieurs) par l&rsquo;interm\u00e9diaire de l&rsquo;Agence Fran\u00e7aise de l&rsquo;Adoption (A.F.A.),<\/small><\/p>\n\n\n\n<p><small>                                                                                                                            <\/small><\/p>\n\n\n\n<p><small><span style=\"text-decoration:underline;\">Les Pupilles de l\u2019\u00c9tat<\/span><\/small><\/p>\n\n\n\n<p><small>Lorsqu&rsquo;un projet d&rsquo;adoption est formul\u00e9 pour un pupille de l&rsquo;\u00e9tat, le conseil de famille recherche, parmi les agr\u00e9ments disponibles, la famille dont le projet correspond le mieux aux besoins de l&rsquo;enfant. L&rsquo;A.S.E. contacte alors la famille choisie.<\/small><\/p>\n\n\n\n<p><small><span style=\"text-decoration:underline;\"><a href=\"https:\/\/efa51.wordpress.com\/e-r-f-enfants-en-recherche-de-famille-dans-la-marne\/\">E.R.F. (Enfants en Recherche de Famille)<\/a><\/span><\/small><\/p>\n\n\n\n<p><small>E.R.F. s&rsquo;efforce de rapprocher les services connaissant la situation d&rsquo;enfants difficilement adoptables et les familles postulant pour adopter ces enfants.<\/small><\/p>\n\n\n\n<p><small><span style=\"text-decoration:underline;\">Les O.A.A. (Organismes Autoris\u00e9s pour l&rsquo;Adoption)<\/span><\/small><\/p>\n\n\n\n<p><small>Un certain nombre d&rsquo; O.A.A. sont agr\u00e9\u00e9s sur la Marne et pour certains pays d&rsquo;origine<br>Vous pouvez contacter chaque O.A.A. par courrier en suivant les directives d\u00e9crites sur leur site. En g\u00e9n\u00e9ral, vous recevrez une r\u00e9ponse n\u00e9gative \u00e0 votre premier courrier, en effet, ce sont des structures b\u00e9n\u00e9voles, recevant environ 10 \u00e0 20 fois plus de demandes qu&rsquo;elles ne peuvent confier d&rsquo;enfants.<\/small><\/p>\n\n\n\n<p><small><span style=\"text-decoration:underline;\"><a href=\"https:\/\/www.agence-adoption.fr\/\">l&rsquo; A.F.A. (Agence Fran\u00e7aise de l&rsquo;Adoption)<\/a> <\/span><\/small><\/p>\n\n\n\n<p><small>Inaugur\u00e9e en 2006, c&rsquo;est le passage oblig\u00e9 (hors O.A.A.) pour les d\u00e9marches avec les pays ayant ratifi\u00e9 la <a href=\"https:\/\/fr.wikipedia.org\/wiki\/Convention_de_La_Haye_(1993)\">Convention de La Haye<\/a> du 29 mai 1993 <small>(<a href=\"https:\/\/www.hcch.net\/fr\/instruments\/conventions\/full-text\/?cid=69\">texte int\u00e9gral<\/a>)<\/small>. L&rsquo; A.F.A. est,\u00a0de plus, accr\u00e9dit\u00e9e dans certains pays pour jouer un r\u00f4le d&rsquo; O.A.A. Elle peut transmettre votre dossier (ou vos dossiers) aux autorit\u00e9s des pays concern\u00e9s. La liste des pays \u00e9volue en permanence et les dates d&rsquo;envoi pour chaque pays sont parfois tr\u00e8s limit\u00e9es. Consultez leur <a href=\"http:\/\/www.agence-adoption.fr\/\">site.<\/a><\/small><\/p>\n\n\n\n<p class=\"has-background\" style=\"background-color:#c6ddf7\">L&rsquo; adoption<\/p>\n\n\n\n<p><small>Une fois l&rsquo;enfant arriv\u00e9 dans votre foyer, les formalit\u00e9s ne sont pas finies. Il faut encore :<\/small><\/p>\n\n\n\n<p><small>&#8211; signaler l&rsquo;arriv\u00e9e de l&rsquo;enfant \u00e0 l&rsquo;Aide Sociale \u00e0 l&rsquo;Enfance, \u00e0 la S\u00e9curit\u00e9 Sociale, \u00e0 la Caisse d&rsquo;Allocations Familiales,&nbsp; \u00e0 votre mutuelle et \u00e9ventuellement \u00e0 votre Comit\u00e9 d&rsquo;Entreprise, et, selon le type de d\u00e9cision judiciaire rendue, soit :<\/small><\/p>\n\n\n\n<p><small>&#8211; demander un jugement au Tribunal de&nbsp;Grande Instance, dans les cas suivants :<br>&nbsp;&nbsp;&nbsp; &#8211; Adoption d&rsquo;un Pupille &nbsp;de l\u2019\u00c9tat,<br>&nbsp;&nbsp;&nbsp; &#8211; Pas de d\u00e9cision d&rsquo;adoption, dans le pays d&rsquo;origine,<br>&nbsp;&nbsp;&nbsp; &#8211; Jugement \u00e9tranger d&rsquo;adoption simple.<\/small><\/p>\n\n\n\n<p><small>&#8211; ou faire transcrire le jugement \u00e9tranger au Tribunal de Grande Instance, dans le cas suivant :<br>&nbsp;&nbsp;&nbsp; &#8211; Jugement&nbsp;\u00e9tranger d&rsquo;adoption assimilable \u00e0 une adoption pl\u00e9ni\u00e8re.<br>Si le pays ayant rendu la d\u00e9cision a ratifi\u00e9 la Convention de La Haye, c&rsquo;est une simple formalit\u00e9.<br>Si le pays n&rsquo;a pas ratifi\u00e9 la Convention de La Haye, le Procureur contr\u00f4lera la d\u00e9cision \u00e9trang\u00e8re. &nbsp;<\/small><\/p>\n\n\n\n<p><small>Vous pourrez alors faire inscrire l&rsquo;enfant sur votre Livret de Famille et obtenir le nouvel extrait d&rsquo;acte de naissance. <\/small><\/p>\n\n\n\n<p><small>Entre le moment de l&rsquo;arriv\u00e9e de l&rsquo;enfant et le jugement, une enqu\u00eate est men\u00e9e par l&rsquo;A.S.E. et\/ou l&rsquo;O.A.A. qui \u00e9mettent un rapport sur lequel s&rsquo;appuie le juge.<\/small> <\/p>\n\n\n\n<p><\/p>\n","protected":false},"excerpt":{"rendered":"<p>L\u2019 agr\u00e9ment Avant toute chose, pour adopter, il faut un \u00ab\u00a0agr\u00e9ment en vue de l&rsquo;adoption d&rsquo;un enfant\u00a0\u00bb. Cet agr\u00e9ment est d\u00e9livr\u00e9 par le pr\u00e9sident du conseil d\u00e9partemental de votre lieu de r\u00e9sidence. Le pr\u00e9sident du conseil d\u00e9partemental prend sa d\u00e9cision sur l&rsquo;avis de la commission d&rsquo;agr\u00e9ment et peut d\u00e9l\u00e9guer la d\u00e9cision au directeur du service [&hellip;]<\/p>\n","protected":false},"author":1,"featured_media":0,"parent":0,"menu_order":0,"comment_status":"closed","ping_status":"closed","template":"","meta":{"footnotes":""},"class_list":["post-125","page","type-page","status-publish","hentry"],"_links":{"self":[{"href":"https:\/\/efa51.org\/index.php\/wp-json\/wp\/v2\/pages\/125","targetHints":{"allow":["GET"]}}],"collection":[{"href":"https:\/\/efa51.org\/index.php\/wp-json\/wp\/v2\/pages"}],"about":[{"href":"https:\/\/efa51.org\/index.php\/wp-json\/wp\/v2\/types\/page"}],"author":[{"embeddable":true,"href":"https:\/\/efa51.org\/index.php\/wp-json\/wp\/v2\/users\/1"}],"replies":[{"embeddable":true,"href":"https:\/\/efa51.org\/index.php\/wp-json\/wp\/v2\/comments?post=125"}],"version-history":[{"count":4,"href":"https:\/\/efa51.org\/index.php\/wp-json\/wp\/v2\/pages\/125\/revisions"}],"predecessor-version":[{"id":1185,"href":"https:\/\/efa51.org\/index.php\/wp-json\/wp\/v2\/pages\/125\/revisions\/1185"}],"wp:attachment":[{"href":"https:\/\/efa51.org\/index.php\/wp-json\/wp\/v2\/media?parent=125"}],"curies":[{"name":"wp","href":"https:\/\/api.w.org\/{rel}","templated":true}]}}