{"id":180,"date":"2020-06-15T16:05:33","date_gmt":"2020-06-15T15:05:33","guid":{"rendered":"https:\/\/efa51.wordpress.com\/?page_id=180"},"modified":"2025-01-30T21:13:31","modified_gmt":"2025-01-30T20:13:31","slug":"qui-sommes-nous","status":"publish","type":"page","link":"https:\/\/efa51.org\/index.php\/qui-sommes-nous\/","title":{"rendered":"Qui sommes nous ?"},"content":{"rendered":"\n<figure class=\"wp-block-image aligncenter size-full is-resized\"><img loading=\"lazy\" decoding=\"async\" width=\"470\" height=\"400\" src=\"http:\/\/efa51.org\/wp-content\/uploads\/2024\/10\/Logo-5.jpg\" alt=\"\" class=\"wp-image-1188\" style=\"width:298px;height:auto\" srcset=\"https:\/\/efa51.org\/wp-content\/uploads\/2024\/10\/Logo-5.jpg 470w, https:\/\/efa51.org\/wp-content\/uploads\/2024\/10\/Logo-5-300x255.jpg 300w\" sizes=\"auto, (max-width: 470px) 100vw, 470px\" \/><\/figure>\n\n\n\n<p><em><u>Notre philosophie :<\/u><\/em><\/p>\n\n\n\n<p class=\"has-small-font-size\">Le choix d&rsquo;une famille d&rsquo;adoption doit se faire dans l&rsquo;int\u00e9r\u00eat premier de l&rsquo;enfant. Il ne s&rsquo;agit pas du droit d&rsquo;une famille \u00e0 avoir un enfant, mais du droit de tout enfant \u00e0 grandir et \u00e0 s&rsquo;\u00e9panouir dans une famille qui devient la sienne pour la vie. L&rsquo;adoption, simple ou pl\u00e9ni\u00e8re, cr\u00e9e une vraie filiation l\u00e9gale. Cependant, d&rsquo;autres solutions familiales comme le parrainage ou l&rsquo;accueil temporaire seront des r\u00e9ponses plus adapt\u00e9es \u00e0 certaines situations de d\u00e9laissement, lorsque l&rsquo;adoption s&rsquo;av\u00e8re impossible.<\/p>\n\n\n\n<p><em><u>Nos objectifs :<\/u><\/em> <\/p>\n\n\n\n<p class=\"has-small-font-size\">Une famille pour un enfant.<\/p>\n\n\n\n<p><em><u>Nos actions :<\/u><\/em><\/p>\n\n\n\n<ul class=\"wp-block-list\">\n<li>INFORMER sur les d\u00e9marches \u00e0 accomplir pour adopter, sur les organismes d&rsquo;adoption ou les d\u00e9marches individuelles, sur les enfants en recherche de famille.<\/li>\n\n\n\n<li>AIDER et CONSEILLER les familles souhaitant adopter, en France ou \u00e0 l&rsquo;\u00e9tranger.<\/li>\n\n\n\n<li>PARTAGER nos exp\u00e9riences afin que les futurs parents soient le mieux pr\u00e9par\u00e9s.<\/li>\n\n\n\n<li>T\u00c9MOIGNER sur le v\u00e9cu de l&rsquo;adoption.<\/li>\n\n\n\n<li>AGIR pour trouver des solutions pour l&rsquo;enfance priv\u00e9e de famille.<\/li>\n<\/ul>\n\n\n\n<p class=\"has-small-font-size\"><em>EFA 51 est une association de type \u00ab\u00a0Loi de 1901\u00a0\u00bb,&nbsp; d\u00e9clar\u00e9e en Pr\u00e9fecture. Elle est membre de la F\u00e9d\u00e9ration nationale EFA, cr\u00e9\u00e9e en 1953, reconnue d&rsquo;utilit\u00e9 publique par&nbsp;d\u00e9cret du 5 Novembre 1984 et regroupant 8000 familles. <\/em><\/p>\n\n\n\n<p class=\"has-small-font-size\"><em>EFA Marne est aussi adh\u00e9rente \u00e0 l&rsquo;Union D\u00e9partementale des Associations Familiales (UDAF) de la Marne.<\/em><\/p>\n","protected":false},"excerpt":{"rendered":"<p>Notre philosophie : Le choix d&rsquo;une famille d&rsquo;adoption doit se faire dans l&rsquo;int\u00e9r\u00eat premier de l&rsquo;enfant. Il ne s&rsquo;agit pas du droit d&rsquo;une famille \u00e0 avoir un enfant, mais du droit de tout enfant \u00e0 grandir et \u00e0 s&rsquo;\u00e9panouir dans une famille qui devient la sienne pour la vie. L&rsquo;adoption, simple ou pl\u00e9ni\u00e8re, cr\u00e9e une [&hellip;]<\/p>\n","protected":false},"author":1,"featured_media":0,"parent":0,"menu_order":0,"comment_status":"closed","ping_status":"closed","template":"","meta":{"footnotes":""},"class_list":["post-180","page","type-page","status-publish","hentry"],"_links":{"self":[{"href":"https:\/\/efa51.org\/index.php\/wp-json\/wp\/v2\/pages\/180","targetHints":{"allow":["GET"]}}],"collection":[{"href":"https:\/\/efa51.org\/index.php\/wp-json\/wp\/v2\/pages"}],"about":[{"href":"https:\/\/efa51.org\/index.php\/wp-json\/wp\/v2\/types\/page"}],"author":[{"embeddable":true,"href":"https:\/\/efa51.org\/index.php\/wp-json\/wp\/v2\/users\/1"}],"replies":[{"embeddable":true,"href":"https:\/\/efa51.org\/index.php\/wp-json\/wp\/v2\/comments?post=180"}],"version-history":[{"count":1,"href":"https:\/\/efa51.org\/index.php\/wp-json\/wp\/v2\/pages\/180\/revisions"}],"predecessor-version":[{"id":1198,"href":"https:\/\/efa51.org\/index.php\/wp-json\/wp\/v2\/pages\/180\/revisions\/1198"}],"wp:attachment":[{"href":"https:\/\/efa51.org\/index.php\/wp-json\/wp\/v2\/media?parent=180"}],"curies":[{"name":"wp","href":"https:\/\/api.w.org\/{rel}","templated":true}]}}