{"id":206,"date":"2020-07-21T09:37:55","date_gmt":"2020-07-21T08:37:55","guid":{"rendered":"https:\/\/efa51.wordpress.com\/?page_id=206"},"modified":"2024-10-22T21:23:56","modified_gmt":"2024-10-22T19:23:56","slug":"e-r-f-enfants-en-recherche-de-famille-dans-la-marne","status":"publish","type":"page","link":"https:\/\/efa51.org\/index.php\/e-r-f-enfants-en-recherche-de-famille-dans-la-marne\/","title":{"rendered":"E.R.F. Enfants en Recherche de Famille dans la Marne"},"content":{"rendered":"\n<figure class=\"wp-block-image aligncenter size-full is-resized\"><img loading=\"lazy\" decoding=\"async\" width=\"470\" height=\"400\" src=\"https:\/\/efa51.org\/wp-content\/uploads\/2024\/10\/Logo-3.jpg\" alt=\"\" class=\"wp-image-1176\" style=\"width:308px;height:auto\" srcset=\"https:\/\/efa51.org\/wp-content\/uploads\/2024\/10\/Logo-3.jpg 470w, https:\/\/efa51.org\/wp-content\/uploads\/2024\/10\/Logo-3-300x255.jpg 300w\" sizes=\"auto, (max-width: 470px) 100vw, 470px\" \/><\/figure>\n\n\n\n<div style=\"height:64px\" aria-hidden=\"true\" class=\"wp-block-spacer\"><\/div>\n\n\n\n<div class=\"wp-block-group alignfull is-layout-flow wp-block-group-is-layout-flow\">\n<div class=\"wp-block-jetpack-layout-grid alignfull column1-desktop-grid__span-2 column1-desktop-grid__start-2 column1-desktop-grid__row-1 column2-desktop-grid__span-8 column2-desktop-grid__start-4 column2-desktop-grid__row-1 column1-tablet-grid__span-3 column1-tablet-grid__row-1 column2-tablet-grid__span-5 column2-tablet-grid__start-4 column2-tablet-grid__row-1 column1-mobile-grid__span-4 column1-mobile-grid__row-1 column2-mobile-grid__span-4 column2-mobile-grid__row-2\">\n<div class=\"wp-block-jetpack-layout-grid-column wp-block-jetpack-layout-grid__padding-none\">\n<figure class=\"wp-block-image size-large is-style-circle-mask\"><img loading=\"lazy\" decoding=\"async\" width=\"306\" height=\"408\" src=\"https:\/\/efa51.files.wordpress.com\/2020\/08\/henriette.jpg?w=306\" alt=\"\" class=\"wp-image-659\" srcset=\"https:\/\/efa51.org\/wp-content\/uploads\/2020\/08\/henriette.jpg 306w, https:\/\/efa51.org\/wp-content\/uploads\/2020\/08\/henriette-225x300.jpg 225w\" sizes=\"auto, (max-width: 306px) 100vw, 306px\" \/><\/figure>\n<p class=\"has-text-align-center has-primary-color has-text-color\"><strong>Votre correspondante E.R.F.<\/strong> <strong>dans la Marne<\/strong>:<\/p>\n<p class=\"has-text-align-center has-normal-font-size\">Henriette Jager<\/p>\n<div class=\"wp-block-jetpack-contact-info\">\n<div class=\"wp-block-jetpack-phone\"><span class=\"phone-prefix\">T\u00e9l: <\/span><a href=\"tel:0699795890\">06.99.79.58.90<\/a><\/div>\n<p><\/p>\n<\/div>\n<p><\/p>\n<\/div>\n<div class=\"wp-block-jetpack-layout-grid-column wp-block-jetpack-layout-grid__padding-small\">\n<h2 class=\"has-text-align-center\"><strong>Enfants en recherche de famille&nbsp;: un service d\u2019E.F.A.<\/strong><\/h2>\n<p>Enfance &amp; Familles d\u2019Adoption s\u2019est donn\u00e9 pour vocation de permettre aux enfants priv\u00e9s de famille de trouver d\u00e8s que possible un cadre familial et s\u00e9curisant. C\u2019est pourquoi l\u2019association a cr\u00e9\u00e9 un service&nbsp;Enfants en recherche de famille (E.R.F.)&nbsp;qui, depuis 1981, recherche des familles pour des enfants dont l\u2019avenir est incertain.<\/p>\n<p>E.R.F., c\u2019est environ 50 enfants en recherche de famille qui nous sont signal\u00e9s, au niveau national, chaque ann\u00e9e et pour lesquels les services Adoption des d\u00e9partements recherchent une famille. Ces enfants peuvent \u00eatre grands (au-del\u00e0 de 7 ou 8 ans) marqu\u00e9s par un parcours de vie jalonn\u00e9 de ruptures, de maltraitances, \u00eatre plus jeunes et porteurs d\u2019un handicap physique ou intellectuel, d\u2019une maladie compromettant leur d\u00e9veloppement et\/ou n\u00e9cessitant une prise en charge pluridisciplinaire importante. Pour chacun d\u2019eux, E.R.F. tente de proposer une ou plusieurs familles r\u00e9pondant \u00e0 son attente et ses besoins.<\/p>\n<p>Au niveau national, ce service est port\u00e9 par une psychologue clinicienne, une p\u00e9diatre et une responsable des correspondants E.R.F. et dispose d\u2019un secr\u00e9tariat. Au niveau local, un r\u00e9seau de correspondants b\u00e9n\u00e9voles (une trentaine) informe et accompagne les candidats \u00e0 l\u2019adoption qui s\u2019interrogent, qui souhaitent cheminer ou se diriger vers l\u2019adoption d\u2019un enfant \u00e0 besoins sp\u00e9cifiques. Ce r\u00e9seau de correspondants \u0153uvre sur tout le territoire et peut vous accompagner quel que soit votre d\u00e9partement.<\/p>\n<p><a href=\"https:\/\/www.adoptionefa.org\/efa-qui-sommes-nous\/enfants-en-recherche-de-famille\/\">Pour en savoir plus<\/a><\/p>\n<p><a href=\"https:\/\/www.adoptionefa.org\/wp-content\/uploads\/2020\/04\/plaquette_erf_2020-1.pdf\">Plaquette de pr\u00e9sentation Enfants en recherche de famille<\/a><\/p>\n<\/div>\n<\/div>\n\n\n\n<p><\/p>\n<\/div>\n","protected":false},"excerpt":{"rendered":"<p>Votre correspondante E.R.F. dans la Marne: Henriette Jager T\u00e9l: 06.99.79.58.90 Enfants en recherche de famille&nbsp;: un service d\u2019E.F.A. Enfance &amp; Familles d\u2019Adoption s\u2019est donn\u00e9 pour vocation de permettre aux enfants priv\u00e9s de famille de trouver d\u00e8s que possible un cadre familial et s\u00e9curisant. C\u2019est pourquoi l\u2019association a cr\u00e9\u00e9 un service&nbsp;Enfants en recherche de famille (E.R.F.)&nbsp;qui, [&hellip;]<\/p>\n","protected":false},"author":1,"featured_media":0,"parent":0,"menu_order":0,"comment_status":"closed","ping_status":"closed","template":"","meta":{"footnotes":""},"class_list":["post-206","page","type-page","status-publish","hentry"],"_links":{"self":[{"href":"https:\/\/efa51.org\/index.php\/wp-json\/wp\/v2\/pages\/206","targetHints":{"allow":["GET"]}}],"collection":[{"href":"https:\/\/efa51.org\/index.php\/wp-json\/wp\/v2\/pages"}],"about":[{"href":"https:\/\/efa51.org\/index.php\/wp-json\/wp\/v2\/types\/page"}],"author":[{"embeddable":true,"href":"https:\/\/efa51.org\/index.php\/wp-json\/wp\/v2\/users\/1"}],"replies":[{"embeddable":true,"href":"https:\/\/efa51.org\/index.php\/wp-json\/wp\/v2\/comments?post=206"}],"version-history":[{"count":2,"href":"https:\/\/efa51.org\/index.php\/wp-json\/wp\/v2\/pages\/206\/revisions"}],"predecessor-version":[{"id":1179,"href":"https:\/\/efa51.org\/index.php\/wp-json\/wp\/v2\/pages\/206\/revisions\/1179"}],"wp:attachment":[{"href":"https:\/\/efa51.org\/index.php\/wp-json\/wp\/v2\/media?parent=206"}],"curies":[{"name":"wp","href":"https:\/\/api.w.org\/{rel}","templated":true}]}}