{"id":221,"date":"2020-07-21T21:21:05","date_gmt":"2020-07-21T20:21:05","guid":{"rendered":"https:\/\/efa51.wordpress.com\/?page_id=221"},"modified":"2026-02-27T16:35:48","modified_gmt":"2026-02-27T15:35:48","slug":"agenda-des-rencontres","status":"publish","type":"page","link":"https:\/\/efa51.org\/index.php\/agenda-des-rencontres\/","title":{"rendered":"Agenda des rencontres"},"content":{"rendered":"\n<figure class=\"wp-block-image aligncenter size-full is-resized\"><img loading=\"lazy\" decoding=\"async\" width=\"470\" height=\"400\" src=\"https:\/\/efa51.org\/wp-content\/uploads\/2024\/10\/Logo.jpg\" alt=\"\" class=\"wp-image-1157\" style=\"width:230px;height:auto\" srcset=\"https:\/\/efa51.org\/wp-content\/uploads\/2024\/10\/Logo.jpg 470w, https:\/\/efa51.org\/wp-content\/uploads\/2024\/10\/Logo-300x255.jpg 300w\" sizes=\"auto, (max-width: 470px) 100vw, 470px\" \/><\/figure>\n\n\n\n<p><a href=\"https:\/\/efa51.org\/wp-content\/uploads\/2025\/01\/EFAmodele_bulletin_2025_VF.pdf\" data-type=\"link\" data-id=\"https:\/\/efa51.wordpress.com\/comment-nous-soutenir\/\">Votre adh\u00e9sion ou votre soutien nous permet de vous proposer diff\u00e9rentes actions, merci \u00e0 vous.<\/a><\/p>\n\n\n\n<p><a href=\"https:\/\/efa51.org\/index.php\/ajout-sur-la-liste-de-diffusion\/\" data-type=\"page\" data-id=\"253\">Tenez-vous au courant gr\u00e2ce \u00e0 notre liste de diffusion.<\/a><\/p>\n\n\n\n<figure class=\"wp-block-table aligncenter has-normal-font-size\"><table><thead><tr><th class=\"has-text-align-center\" data-align=\"center\">Dates<\/th><th class=\"has-text-align-center\" data-align=\"center\">Rencontre<\/th><th class=\"has-text-align-center\" data-align=\"center\">Horaires<\/th><th class=\"has-text-align-center\" data-align=\"center\">Lieux<\/th><\/tr><\/thead><tbody><tr><td class=\"has-text-align-center\" data-align=\"center\">Samedi 17 janvier 2026<\/td><td class=\"has-text-align-center\" data-align=\"center\">Galette<\/td><td class=\"has-text-align-center\" data-align=\"center\">16h<\/td><td class=\"has-text-align-center\" data-align=\"center\">Salle annexe de la mairie \u00e0 Puisieulx<\/td><\/tr><tr><td class=\"has-text-align-center\" data-align=\"center\">Jeudi 29 janvier 2026<\/td><td class=\"has-text-align-center\" data-align=\"center\">R\u00e9union Accueil<\/td><td class=\"has-text-align-center\" data-align=\"center\">20h<\/td><td class=\"has-text-align-center\" data-align=\"center\">Salle annexe de la mairie \u00e0 Puisieulx<\/td><\/tr><tr><td class=\"has-text-align-center\" data-align=\"center\">Vendredi 13 Mars 2026<\/td><td class=\"has-text-align-center\" data-align=\"center\">R\u00e9union Accueil &#8211; T\u00e9moignages<\/td><td class=\"has-text-align-center\" data-align=\"center\">20h<\/td><td class=\"has-text-align-center\" data-align=\"center\">Salle annexe de la mairie \u00e0 Puisieulx<\/td><\/tr><tr><td class=\"has-text-align-center\" data-align=\"center\">Jeudi 2 avril 2026<\/td><td class=\"has-text-align-center\" data-align=\"center\">R\u00e9union Accueil<\/td><td class=\"has-text-align-center\" data-align=\"center\">20h<\/td><td class=\"has-text-align-center\" data-align=\"center\">Salle annexe de la mairie \u00e0 Puisieulx<\/td><\/tr><tr><td class=\"has-text-align-center\" data-align=\"center\">Dimanche 14 juin 2026<\/td><td class=\"has-text-align-center\" data-align=\"center\">Assembl\u00e9e G\u00e9n\u00e9rale<\/td><td class=\"has-text-align-center\" data-align=\"center\">&#8211;<\/td><td class=\"has-text-align-center\" data-align=\"center\">A d\u00e9finir<\/td><\/tr><tr><td class=\"has-text-align-center\" data-align=\"center\">Jeudi 2 juillet 2026<\/td><td class=\"has-text-align-center\" data-align=\"center\">R\u00e9union Accueil<\/td><td class=\"has-text-align-center\" data-align=\"center\">20h<\/td><td class=\"has-text-align-center\" data-align=\"center\">Salle annexe de la mairie \u00e0 Puisieulx<\/td><\/tr><tr><td class=\"has-text-align-center\" data-align=\"center\">Jeudi 24 septembre 2026<\/td><td class=\"has-text-align-center\" data-align=\"center\">R\u00e9union Accueil<\/td><td class=\"has-text-align-center\" data-align=\"center\">20h<\/td><td class=\"has-text-align-center\" data-align=\"center\">Salle annexe de la mairie \u00e0 Puisieulx<\/td><\/tr><tr><td class=\"has-text-align-center\" data-align=\"center\">Jeudi 19 novembre 2026<\/td><td class=\"has-text-align-center\" data-align=\"center\">R\u00e9union Accueil<\/td><td class=\"has-text-align-center\" data-align=\"center\">20h<\/td><td class=\"has-text-align-center\" data-align=\"center\">Salle annexe de la mairie \u00e0 Puisieulx<\/td><\/tr><tr><td class=\"has-text-align-center\" data-align=\"center\"><\/td><td class=\"has-text-align-center\" data-align=\"center\"><\/td><td class=\"has-text-align-center\" data-align=\"center\"><\/td><td class=\"has-text-align-center\" data-align=\"center\"><\/td><\/tr><\/tbody><\/table><\/figure>\n\n\n\n<p>Salle annexe de la mairie de Puisieulx : 1 rue Haute, 51500 Puisieulx<\/p>\n\n\n\n<p>Salle de l\u2019UDAF : au 7, boulevard Kennedy (Verbeau), 51000 Ch\u00e2lons en Champagne<\/p>\n\n\n\n\n\n<p class=\"has-text-align-center\">Les prochaines dates seront bient\u00f4t disponibles&#8230;,<\/p>\n\n\n\n<p>Les b\u00e9n\u00e9voles du conseil d&rsquo;administration proposent des rencontres, t\u00e9moignages, conf\u00e9rences, films&#8230; autour de l&rsquo;adoption mais si une th\u00e9matique particuli\u00e8re vous int\u00e9resse, n&rsquo;h\u00e9sitez pas \u00e0 nous le faire savoir. Vous retrouverez tout au long de l&rsquo;ann\u00e9e:<\/p>\n\n\n\n<p>&#8211; Les r\u00e9unions d&rsquo;accueil ouvertes \u00e0 tous<\/p>\n\n\n\n<p>&#8211; Possibilit\u00e9 de groupes d&rsquo;\u00e9changes sur diff\u00e9rents th\u00e8mes (suivant les orientations discut\u00e9es avec les adh\u00e9rents) : <\/p>\n\n\n\n<ul class=\"wp-block-list\">\n<li>l&rsquo;agr\u00e9ment et le parcours vers l&rsquo;enfant <\/li>\n\n\n\n<li>l&rsquo;arriv\u00e9e de l&rsquo;enfant, les premiers mois et les premi\u00e8res ann\u00e9es<\/li>\n\n\n\n<li>les adopt\u00e9s adolescents et majeurs<\/li>\n<\/ul>\n\n\n\n<p>&#8211; Des journ\u00e9es familiales ouvertes \u00e0 tous<\/p>\n\n\n\n<p>&#8211; Des soir\u00e9es t\u00e9moignages ouvertes \u00e0 tous<\/p>\n\n\n\n<p>&#8211; Des conf\u00e9rences ouvertes \u00e0 tous<\/p>\n\n\n\n<p>&#8211; Des projections de films \/ d\u00e9bats ouvertes \u00e0 tous.<\/p>\n\n\n\n<p>&#8211; Une assembl\u00e9e g\u00e9n\u00e9rale \u00e9videmment<\/p>\n\n\n\n<p class=\"has-text-align-center\"><\/p>\n","protected":false},"excerpt":{"rendered":"<p>Votre adh\u00e9sion ou votre soutien nous permet de vous proposer diff\u00e9rentes actions, merci \u00e0 vous. Tenez-vous au courant gr\u00e2ce \u00e0 notre liste de diffusion. Dates Rencontre Horaires Lieux Samedi 17 janvier 2026 Galette 16h Salle annexe de la mairie \u00e0 Puisieulx Jeudi 29 janvier 2026 R\u00e9union Accueil 20h Salle annexe de la mairie \u00e0 Puisieulx [&hellip;]<\/p>\n","protected":false},"author":1,"featured_media":0,"parent":0,"menu_order":0,"comment_status":"closed","ping_status":"closed","template":"","meta":{"footnotes":""},"class_list":["post-221","page","type-page","status-publish","hentry"],"_links":{"self":[{"href":"https:\/\/efa51.org\/index.php\/wp-json\/wp\/v2\/pages\/221","targetHints":{"allow":["GET"]}}],"collection":[{"href":"https:\/\/efa51.org\/index.php\/wp-json\/wp\/v2\/pages"}],"about":[{"href":"https:\/\/efa51.org\/index.php\/wp-json\/wp\/v2\/types\/page"}],"author":[{"embeddable":true,"href":"https:\/\/efa51.org\/index.php\/wp-json\/wp\/v2\/users\/1"}],"replies":[{"embeddable":true,"href":"https:\/\/efa51.org\/index.php\/wp-json\/wp\/v2\/comments?post=221"}],"version-history":[{"count":18,"href":"https:\/\/efa51.org\/index.php\/wp-json\/wp\/v2\/pages\/221\/revisions"}],"predecessor-version":[{"id":1225,"href":"https:\/\/efa51.org\/index.php\/wp-json\/wp\/v2\/pages\/221\/revisions\/1225"}],"wp:attachment":[{"href":"https:\/\/efa51.org\/index.php\/wp-json\/wp\/v2\/media?parent=221"}],"curies":[{"name":"wp","href":"https:\/\/api.w.org\/{rel}","templated":true}]}}