{"id":235,"date":"2020-07-27T08:53:57","date_gmt":"2020-07-27T07:53:57","guid":{"rendered":"https:\/\/efa51.wordpress.com\/?page_id=235"},"modified":"2025-12-21T18:35:16","modified_gmt":"2025-12-21T17:35:16","slug":"comment-nous-soutenir","status":"publish","type":"page","link":"https:\/\/efa51.org\/index.php\/comment-nous-soutenir\/","title":{"rendered":"Comment nous soutenir ?"},"content":{"rendered":"\n<figure class=\"wp-block-image aligncenter size-full is-resized\"><img loading=\"lazy\" decoding=\"async\" width=\"470\" height=\"400\" src=\"https:\/\/efa51.org\/wp-content\/uploads\/2024\/10\/Logo-2.jpg\" alt=\"\" class=\"wp-image-1174\" style=\"width:339px;height:auto\" srcset=\"https:\/\/efa51.org\/wp-content\/uploads\/2024\/10\/Logo-2.jpg 470w, https:\/\/efa51.org\/wp-content\/uploads\/2024\/10\/Logo-2-300x255.jpg 300w\" sizes=\"auto, (max-width: 470px) 100vw, 470px\" \/><\/figure>\n\n\n\n<p>Vous pouvez nous soutenir en adh\u00e9rant \u00e0 l&rsquo;association ou en faisant un don comme pr\u00e9cis\u00e9 dans le bulletin d&rsquo;adh\u00e9sion ci-dessous. <\/p>\n\n\n\n<div data-wp-interactive=\"core\/file\" class=\"wp-block-file\"><object data-wp-bind--hidden=\"!state.hasPdfPreview\" hidden class=\"wp-block-file__embed\" data=\"https:\/\/efa51.org\/wp-content\/uploads\/2025\/12\/EFA_bulletin_2026_VF.pdf\" type=\"application\/pdf\" style=\"width:100%;height:600px\" aria-label=\"Contenu embarqu\u00e9 EFA_bulletin_2026_VF.\"><\/object><a id=\"wp-block-file--media-d0ce7355-3a8b-4b71-9b64-9528c4ce6d9c\" href=\"https:\/\/efa51.org\/wp-content\/uploads\/2025\/12\/EFA_bulletin_2026_VF.pdf\">EFA_bulletin_2026_VF<\/a><a href=\"https:\/\/efa51.org\/wp-content\/uploads\/2025\/12\/EFA_bulletin_2026_VF.pdf\" class=\"wp-block-file__button wp-element-button\" download aria-describedby=\"wp-block-file--media-d0ce7355-3a8b-4b71-9b64-9528c4ce6d9c\">T\u00e9l\u00e9charger<\/a><\/div>\n\n\n\n<p class=\"has-small-font-size\">** En tant qu\u2019adh\u00e9rent, vous pouvez b\u00e9n\u00e9ficier d\u2019un tarif pr\u00e9f\u00e9rentiel d\u2019abonnement de 20 euros \u00e0 la revue trimestrielle Accueil<\/p>\n\n\n\n<p><\/p>\n","protected":false},"excerpt":{"rendered":"<p>Vous pouvez nous soutenir en adh\u00e9rant \u00e0 l&rsquo;association ou en faisant un don comme pr\u00e9cis\u00e9 dans le bulletin d&rsquo;adh\u00e9sion ci-dessous. ** En tant qu\u2019adh\u00e9rent, vous pouvez b\u00e9n\u00e9ficier d\u2019un tarif pr\u00e9f\u00e9rentiel d\u2019abonnement de 20 euros \u00e0 la revue trimestrielle Accueil<\/p>\n","protected":false},"author":1,"featured_media":0,"parent":0,"menu_order":0,"comment_status":"closed","ping_status":"closed","template":"","meta":{"footnotes":""},"class_list":["post-235","page","type-page","status-publish","hentry"],"_links":{"self":[{"href":"https:\/\/efa51.org\/index.php\/wp-json\/wp\/v2\/pages\/235","targetHints":{"allow":["GET"]}}],"collection":[{"href":"https:\/\/efa51.org\/index.php\/wp-json\/wp\/v2\/pages"}],"about":[{"href":"https:\/\/efa51.org\/index.php\/wp-json\/wp\/v2\/types\/page"}],"author":[{"embeddable":true,"href":"https:\/\/efa51.org\/index.php\/wp-json\/wp\/v2\/users\/1"}],"replies":[{"embeddable":true,"href":"https:\/\/efa51.org\/index.php\/wp-json\/wp\/v2\/comments?post=235"}],"version-history":[{"count":8,"href":"https:\/\/efa51.org\/index.php\/wp-json\/wp\/v2\/pages\/235\/revisions"}],"predecessor-version":[{"id":1222,"href":"https:\/\/efa51.org\/index.php\/wp-json\/wp\/v2\/pages\/235\/revisions\/1222"}],"wp:attachment":[{"href":"https:\/\/efa51.org\/index.php\/wp-json\/wp\/v2\/media?parent=235"}],"curies":[{"name":"wp","href":"https:\/\/api.w.org\/{rel}","templated":true}]}}