{"id":272,"date":"2020-07-27T15:01:50","date_gmt":"2020-07-27T14:01:50","guid":{"rendered":"https:\/\/efa51.wordpress.com\/?page_id=272"},"modified":"2020-07-27T15:01:50","modified_gmt":"2020-07-27T14:01:50","slug":"les-emissions","status":"publish","type":"page","link":"https:\/\/efa51.org\/index.php\/les-emissions\/","title":{"rendered":"Les \u00e9missions radio"},"content":{"rendered":"\n<p class=\"has-background-color has-primary-background-color has-text-color has-background has-huge-font-size\">Sur France Culture<\/p>\n\n\n\n<div class=\"wp-block-jetpack-layout-grid alignfull column1-desktop-grid__span-4 column1-desktop-grid__row-1 column2-desktop-grid__span-4 column2-desktop-grid__start-5 column2-desktop-grid__row-1 column3-desktop-grid__span-4 column3-desktop-grid__start-9 column3-desktop-grid__row-1 column1-tablet-grid__span-4 column1-tablet-grid__row-1 column2-tablet-grid__span-4 column2-tablet-grid__start-5 column2-tablet-grid__row-1 column3-tablet-grid__span-8 column3-tablet-grid__row-2 column1-mobile-grid__span-4 column1-mobile-grid__row-1 column2-mobile-grid__span-4 column2-mobile-grid__row-2 column3-mobile-grid__span-4 column3-mobile-grid__row-3 wp-block-jetpack-layout-gutter__nowrap\">\n<div class=\"wp-block-jetpack-layout-grid-column wp-block-jetpack-layout-grid__padding-none\">\n<p class=\"has-text-align-center\">L&rsquo;heure du documentaire: le 16 juillet 2014<\/p>\n\n\n\n<p class=\"has-text-align-center\"><a href=\"https:\/\/www.franceculture.fr\/emissions\/lheure-du-documentaire\/je-mappelle-voletrouve-la-question-des-adoptes\">Je m\u2019appelle Vol\u00e9trouv\u00e9 : La question des adopt\u00e9s<\/a><\/p>\n<\/div>\n\n\n\n<div class=\"wp-block-jetpack-layout-grid-column wp-block-jetpack-layout-grid__padding-none\">\n<p class=\"has-text-align-center\">L&rsquo;heure du documentaire: le 15 juillet 2014<\/p>\n\n\n\n<p><a href=\"https:\/\/www.franceculture.fr\/emissions\/lheure-du-documentaire\/abandonner-et-recevoir-la-question-de-ladoption\">Abandonner et recevoir : La question de l\u2019adoption<\/a><\/p>\n\n\n\n<p class=\"has-text-align-center\"><\/p>\n<\/div>\n\n\n\n<div class=\"wp-block-jetpack-layout-grid-column wp-block-jetpack-layout-grid__padding-none\">\n<p class=\"has-text-align-center\"><\/p>\n<\/div>\n<\/div>\n\n\n\n<p class=\"has-background-color has-primary-background-color has-text-color has-background has-huge-font-size\">Sur la radio de la Voie des Adopt\u00e9s : R-VdA<\/p>\n\n\n\n<div class=\"wp-block-jetpack-layout-grid alignfull column1-desktop-grid__span-4 column1-desktop-grid__row-1 column2-desktop-grid__span-4 column2-desktop-grid__start-5 column2-desktop-grid__row-1 column3-desktop-grid__span-4 column3-desktop-grid__start-9 column3-desktop-grid__row-1 column1-tablet-grid__span-4 column1-tablet-grid__row-1 column2-tablet-grid__span-4 column2-tablet-grid__start-5 column2-tablet-grid__row-1 column3-tablet-grid__span-8 column3-tablet-grid__row-2 column1-mobile-grid__span-4 column1-mobile-grid__row-1 column2-mobile-grid__span-4 column2-mobile-grid__row-2 column3-mobile-grid__span-4 column3-mobile-grid__row-3 wp-block-jetpack-layout-gutter__nowrap\">\n<div class=\"wp-block-jetpack-layout-grid-column wp-block-jetpack-layout-grid__padding-none\">\n<div class=\"wp-block-image\"><figure class=\"aligncenter size-medium is-resized\"><a href=\"https:\/\/lavoixdesadoptes.com\/webradio-vda\/\" target=\"_blank\" rel=\"noopener\"><img decoding=\"async\" src=\"https:\/\/efa51.files.wordpress.com\/2020\/09\/rvda_2018_2019_short-1.png?w=200\" alt=\"\" class=\"wp-image-678\" width=\"-30\" height=\"-43\" \/><\/a><\/figure><\/div>\n\n\n\n<p class=\"has-text-align-center\"> \u00c9missions de <\/p>\n\n\n\n<p class=\"has-text-align-center\">la radio de la Voix des Adopt\u00e9s<\/p>\n\n\n\n<p class=\"has-text-align-center\">2018-2019<\/p>\n<\/div>\n\n\n\n<div class=\"wp-block-jetpack-layout-grid-column wp-block-jetpack-layout-grid__padding-none\">\n<div class=\"wp-block-image\"><figure class=\"aligncenter size-medium is-resized\"><img loading=\"lazy\" decoding=\"async\" src=\"http:\/\/efa51.org\/wp-content\/uploads\/2021\/03\/rvda_omni.jpg?w=300\" alt=\"\" class=\"wp-image-846\" width=\"300\" height=\"300\" \/><\/figure><\/div>\n\n\n\n<p class=\"has-text-align-center\"> \u00c9mission du 11 mars 2021 avec<\/p>\n\n\n\n<p class=\"has-text-align-center\"> Johanne Lemieux: L&rsquo;OMNI<\/p>\n<\/div>\n\n\n\n<div class=\"wp-block-jetpack-layout-grid-column wp-block-jetpack-layout-grid__padding-none\">\n<div class=\"wp-block-image\"><figure class=\"aligncenter size-medium is-resized\"><a href=\"https:\/\/www.facebook.com\/groups\/lavoixdesadoptes.webradio\" target=\"_blank\" rel=\"noopener\"><img decoding=\"async\" src=\"https:\/\/efa51.files.wordpress.com\/2020\/09\/rvda_2018_2019_short-1.png?w=200\" alt=\"\" class=\"wp-image-678\" width=\"-30\" height=\"-43\" \/><\/a><\/figure><\/div>\n\n\n\n<p class=\"has-text-align-center\"><a href=\"https:\/\/www.facebook.com\/groups\/lavoixdesadoptes.webradio\">Via facebook<\/a><\/p>\n<\/div>\n<\/div>\n\n\n\n<p class=\"has-background-color has-primary-background-color has-text-color has-background has-huge-font-size\">Sur les autres radios:<\/p>\n\n\n\n<div class=\"wp-block-jetpack-layout-grid alignfull column1-desktop-grid__span-4 column1-desktop-grid__row-1 column2-desktop-grid__span-4 column2-desktop-grid__start-5 column2-desktop-grid__row-1 column3-desktop-grid__span-4 column3-desktop-grid__start-9 column3-desktop-grid__row-1 column1-tablet-grid__span-4 column1-tablet-grid__row-1 column2-tablet-grid__span-4 column2-tablet-grid__start-5 column2-tablet-grid__row-1 column3-tablet-grid__span-8 column3-tablet-grid__row-2 column1-mobile-grid__span-4 column1-mobile-grid__row-1 column2-mobile-grid__span-4 column2-mobile-grid__row-2 column3-mobile-grid__span-4 column3-mobile-grid__row-3 wp-block-jetpack-layout-gutter__nowrap\">\n<div class=\"wp-block-jetpack-layout-grid-column wp-block-jetpack-layout-grid__padding-none\">\n<div class=\"wp-block-image\"><figure class=\"aligncenter size-large\"><a href=\"https:\/\/www.francebleu.fr\/emissions\/la-vie-en-bleu-le-dossier-de-bleu-poitou\/poitou\/la-parentalite-positive-un-vrai-plus-pour-l-adoption\" target=\"_blank\" rel=\"noopener\"><img loading=\"lazy\" decoding=\"async\" width=\"918\" height=\"98\" src=\"http:\/\/efa51.org\/wp-content\/uploads\/2022\/01\/parentalitepositive_toletti_11022020.png?w=750\" alt=\"\" class=\"wp-image-983\" srcset=\"https:\/\/efa51.org\/wp-content\/uploads\/2022\/01\/parentalitepositive_toletti_11022020.png 918w, https:\/\/efa51.org\/wp-content\/uploads\/2022\/01\/parentalitepositive_toletti_11022020-300x32.png 300w, https:\/\/efa51.org\/wp-content\/uploads\/2022\/01\/parentalitepositive_toletti_11022020-768x82.png 768w\" sizes=\"auto, (max-width: 918px) 100vw, 918px\" \/><\/a><\/figure><\/div>\n\n\n\n<p class=\"has-text-align-center\"><a href=\"https:\/\/www.francebleu.fr\/emissions\/la-vie-en-bleu-le-dossier-de-bleu-poitou\/poitou\/la-parentalite-positive-un-vrai-plus-pour-l-adoption\"> \u00c9missions sur France Bleu &#8211; Vienne avec Fran\u00e7oise Toletti <\/a><\/p>\n\n\n\n<p class=\"has-text-align-center\">11 f\u00e9vrier 2020<\/p>\n<\/div>\n\n\n\n<div class=\"wp-block-jetpack-layout-grid-column wp-block-jetpack-layout-grid__padding-none\">\n<p class=\"has-text-align-center\"><\/p>\n\n\n\n<p class=\"has-text-align-center\"> <\/p>\n<\/div>\n\n\n\n<div class=\"wp-block-jetpack-layout-grid-column wp-block-jetpack-layout-grid__padding-none\">\n<p class=\"has-text-align-center\"><\/p>\n<\/div>\n<\/div>\n\n\n\n<div class=\"wp-block-jetpack-layout-grid alignfull column1-desktop-grid__span-4 column1-desktop-grid__row-1 column2-desktop-grid__span-4 column2-desktop-grid__start-5 column2-desktop-grid__row-1 column3-desktop-grid__span-4 column3-desktop-grid__start-9 column3-desktop-grid__row-1 column1-tablet-grid__span-4 column1-tablet-grid__row-1 column2-tablet-grid__span-4 column2-tablet-grid__start-5 column2-tablet-grid__row-1 column3-tablet-grid__span-8 column3-tablet-grid__row-2 column1-mobile-grid__span-4 column1-mobile-grid__row-1 column2-mobile-grid__span-4 column2-mobile-grid__row-2 column3-mobile-grid__span-4 column3-mobile-grid__row-3 wp-block-jetpack-layout-gutter__nowrap\">\n<div class=\"wp-block-jetpack-layout-grid-column wp-block-jetpack-layout-grid__padding-none\">\n<div class=\"wp-block-image\"><figure class=\"aligncenter size-medium\"><a href=\"https:\/\/www.franceinter.fr\/embed\/player\/aod\/b8be9f0c-096a-4579-8507-eb36af11066d\" target=\"_blank\" rel=\"noopener\"><img loading=\"lazy\" decoding=\"async\" width=\"629\" height=\"358\" src=\"http:\/\/efa51.org\/wp-content\/uploads\/2021\/04\/fois_uniqueensongenre.png?w=300\" alt=\"\" class=\"wp-image-901\" srcset=\"https:\/\/efa51.org\/wp-content\/uploads\/2021\/04\/fois_uniqueensongenre.png 629w, https:\/\/efa51.org\/wp-content\/uploads\/2021\/04\/fois_uniqueensongenre-300x171.png 300w\" sizes=\"auto, (max-width: 629px) 100vw, 629px\" \/><\/a><\/figure><\/div>\n\n\n\n<p class=\"has-text-align-center\">\u00c9mission du 8 janvier 2021, France Inter, Giulia Fo\u00efs<\/p>\n\n\n\n<p class=\"has-text-align-center\">  <a href=\"https:\/\/www.franceinter.fr\/embed\/player\/aod\/b8be9f0c-096a-4579-8507-eb36af11066d\">Unique en son genre: <\/a><a rel=\"noreferrer noopener\" href=\"https:\/\/www.franceinter.fr\/embed\/player\/aod\/b8be9f0c-096a-4579-8507-eb36af11066d\" target=\"_blank\">Amandine <\/a><a href=\"https:\/\/www.franceinter.fr\/embed\/player\/aod\/b8be9f0c-096a-4579-8507-eb36af11066d\">Gay<\/a> <\/p>\n\n\n\n<p><\/p>\n\n\n\n<p><\/p>\n\n\n\n<p><\/p>\n<\/div>\n\n\n\n<div class=\"wp-block-jetpack-layout-grid-column wp-block-jetpack-layout-grid__padding-none\">\n<div class=\"wp-block-image\"><figure class=\"aligncenter size-thumbnail\"><img loading=\"lazy\" decoding=\"async\" width=\"559\" height=\"551\" src=\"http:\/\/efa51.org\/wp-content\/uploads\/2021\/04\/matrescence.png?w=150\" alt=\"\" class=\"wp-image-904\" srcset=\"https:\/\/efa51.org\/wp-content\/uploads\/2021\/04\/matrescence.png 559w, https:\/\/efa51.org\/wp-content\/uploads\/2021\/04\/matrescence-300x296.png 300w\" sizes=\"auto, (max-width: 559px) 100vw, 559px\" \/><\/figure><\/div>\n\n\n\n<p class=\"has-text-align-center\">S&rsquo;occuper des b\u00e9b\u00e9s n\u00e9s dans le secret<\/p>\n\n\n\n<p class=\"has-text-align-center\"> &#8211; Pauline &#8211; auxiliaire de pu\u00e9riculture <\/p>\n\n\n\n<p class=\"has-text-align-center\">(d\u00e9but du sujet apr\u00e8s 3&rsquo;04)<\/p>\n\n\n\n<p class=\"has-text-align-center\"><a href=\"https:\/\/podcasts.apple.com\/fr\/podcast\/la-matrescence\/id1456136943\">La Matrescence<\/a><\/p>\n<\/div>\n\n\n\n<div class=\"wp-block-jetpack-layout-grid-column wp-block-jetpack-layout-grid__padding-none\">\n<div class=\"wp-block-image\"><figure class=\"aligncenter size-thumbnail\"><a href=\"https:\/\/podcasts.apple.com\/fr\/podcast\/la-matrescence\/id1456136943?i=1000514453155\" target=\"_blank\" rel=\"noopener\"><img loading=\"lazy\" decoding=\"async\" width=\"559\" height=\"551\" src=\"http:\/\/efa51.org\/wp-content\/uploads\/2021\/04\/matrescence-1.png?w=150\" alt=\"\" class=\"wp-image-905\" srcset=\"https:\/\/efa51.org\/wp-content\/uploads\/2021\/04\/matrescence-1.png 559w, https:\/\/efa51.org\/wp-content\/uploads\/2021\/04\/matrescence-1-300x296.png 300w\" sizes=\"auto, (max-width: 559px) 100vw, 559px\" \/><\/a><\/figure><\/div>\n\n\n\n<p class=\"has-text-align-center\">\u00catre m\u00e8re adopt\u00e9e en Cor\u00e9e du Sud,<\/p>\n\n\n\n<p class=\"has-text-align-center\"> une maternit\u00e9 chamboul\u00e9e &#8211; Anne Sophie  <\/p>\n\n\n\n<p class=\"has-text-align-center\">(d\u00e9but du sujet apr\u00e8s 3&rsquo;04) <\/p>\n\n\n\n<p class=\"has-text-align-center\"><a href=\"https:\/\/podcasts.apple.com\/fr\/podcast\/la-matrescence\/id1456136943?i=1000514453155\">La Matrescence<\/a><\/p>\n<\/div>\n<\/div>\n\n\n\n<p><\/p>\n\n\n\n<p><\/p>\n","protected":false},"excerpt":{"rendered":"<p>Sur France Culture Sur la radio de la Voie des Adopt\u00e9s : R-VdA Sur les autres radios:<\/p>\n","protected":false},"author":1,"featured_media":0,"parent":0,"menu_order":0,"comment_status":"closed","ping_status":"closed","template":"","meta":{"footnotes":""},"class_list":["post-272","page","type-page","status-publish","hentry"],"_links":{"self":[{"href":"https:\/\/efa51.org\/index.php\/wp-json\/wp\/v2\/pages\/272","targetHints":{"allow":["GET"]}}],"collection":[{"href":"https:\/\/efa51.org\/index.php\/wp-json\/wp\/v2\/pages"}],"about":[{"href":"https:\/\/efa51.org\/index.php\/wp-json\/wp\/v2\/types\/page"}],"author":[{"embeddable":true,"href":"https:\/\/efa51.org\/index.php\/wp-json\/wp\/v2\/users\/1"}],"replies":[{"embeddable":true,"href":"https:\/\/efa51.org\/index.php\/wp-json\/wp\/v2\/comments?post=272"}],"version-history":[{"count":0,"href":"https:\/\/efa51.org\/index.php\/wp-json\/wp\/v2\/pages\/272\/revisions"}],"wp:attachment":[{"href":"https:\/\/efa51.org\/index.php\/wp-json\/wp\/v2\/media?parent=272"}],"curies":[{"name":"wp","href":"https:\/\/api.w.org\/{rel}","templated":true}]}}