{"id":94,"date":"2020-03-30T01:57:53","date_gmt":"2020-03-30T00:57:53","guid":{"rendered":"https:\/\/efa51.wordpress.com\/?page_id=94"},"modified":"2025-01-30T21:24:13","modified_gmt":"2025-01-30T20:24:13","slug":"liens-utiles-2","status":"publish","type":"page","link":"https:\/\/efa51.org\/index.php\/liens-utiles-2\/","title":{"rendered":"Liens Utiles"},"content":{"rendered":"\n<ul class=\"wp-block-list\">\n<li><a href=\"https:\/\/www.adoptionefa.org\/\">F\u00e9d\u00e9ration Enfance et Familles d&rsquo;Adoption -EFA<\/a><\/li>\n\n\n\n<li><a href=\"http:\/\/www.marne.fr\/contact\/unite-adoption\">Conseil G\u00e9n\u00e9ral de la Marne<\/a><\/li>\n\n\n\n<li><a href=\"https:\/\/www.agence-adoption.fr\/\">Agence Fran\u00e7aise de l&rsquo;Adoption<\/a><\/li>\n\n\n\n<li><a href=\"https:\/\/www.diplomatie.gouv.fr\/fr\/adopter-a-l-etranger\/la-mission-de-l-adoption-internationale\/\">M.A.I. \u00a0 La Mission de l&rsquo;Adoption Internationale (<small><em>Fiches Pays, Actualit\u00e9s, Statistiques<\/em><\/small>)<\/a><\/li>\n\n\n\n<li><a href=\"https:\/\/www.onpe.gouv.fr\/actualite\">L&rsquo;Observatoire National de la Protection de l&rsquo;Enfance (ONPE)<\/a><\/li>\n\n\n\n<li><a href=\"http:\/\/www.masf.info\/\">MASF, le Mouvement pour l&rsquo;Adoption sans Fronti\u00e8res, qui regroupe 12 APPO.<\/a><\/li>\n\n\n\n<li><a href=\"https:\/\/www.ssi-france.org\">Le site du Service Social International. Aides et soutiens aux enfants et aux familles au-del\u00e0 des fronti\u00e8res. Des rapports sur l&rsquo;adoption internationale, de tr\u00e8s nombreux liens.<\/a><\/li>\n\n\n\n<li><a href=\"http:\/\/www.unapp.net\/\">L&rsquo;UNAPP, le site national du parrainage<\/a><\/li>\n\n\n\n<li><a href=\"http:\/\/petales-france.fr\/\">P\u00e9tales, le site des Parents d&rsquo;Enfants pr\u00e9sentant des Troubles de l&rsquo;Attachement.<\/a><\/li>\n\n\n\n<li><a href=\"http:\/\/www.racinescoreennes.org\/\">Racines cor\u00e9ennes, le site des adopt\u00e9s d&rsquo;origine cor\u00e9enne.<\/a><\/li>\n\n\n\n<li><a href=\"https:\/\/lavoixdesadoptes.com\/\">La Voix Des Adopt\u00e9s.<\/a><\/li>\n<\/ul>\n","protected":false},"excerpt":{"rendered":"","protected":false},"author":1,"featured_media":0,"parent":0,"menu_order":0,"comment_status":"closed","ping_status":"closed","template":"","meta":{"footnotes":""},"class_list":["post-94","page","type-page","status-publish","hentry"],"_links":{"self":[{"href":"https:\/\/efa51.org\/index.php\/wp-json\/wp\/v2\/pages\/94","targetHints":{"allow":["GET"]}}],"collection":[{"href":"https:\/\/efa51.org\/index.php\/wp-json\/wp\/v2\/pages"}],"about":[{"href":"https:\/\/efa51.org\/index.php\/wp-json\/wp\/v2\/types\/page"}],"author":[{"embeddable":true,"href":"https:\/\/efa51.org\/index.php\/wp-json\/wp\/v2\/users\/1"}],"replies":[{"embeddable":true,"href":"https:\/\/efa51.org\/index.php\/wp-json\/wp\/v2\/comments?post=94"}],"version-history":[{"count":2,"href":"https:\/\/efa51.org\/index.php\/wp-json\/wp\/v2\/pages\/94\/revisions"}],"predecessor-version":[{"id":1200,"href":"https:\/\/efa51.org\/index.php\/wp-json\/wp\/v2\/pages\/94\/revisions\/1200"}],"wp:attachment":[{"href":"https:\/\/efa51.org\/index.php\/wp-json\/wp\/v2\/media?parent=94"}],"curies":[{"name":"wp","href":"https:\/\/api.w.org\/{rel}","templated":true}]}}